{"id":81,"date":"2023-09-12T21:03:53","date_gmt":"2023-09-12T19:03:53","guid":{"rendered":"http:\/\/brandma-new.vot.pl\/?page_id=81"},"modified":"2025-09-18T11:51:41","modified_gmt":"2025-09-18T09:51:41","slug":"about-us","status":"publish","type":"page","link":"https:\/\/brandma.pl\/en\/about-us\/","title":{"rendered":"About us"},"content":{"rendered":"","protected":false},"excerpt":{"rendered":"","protected":false},"author":1,"featured_media":0,"parent":0,"menu_order":0,"comment_status":"closed","ping_status":"closed","template":"page-o-nas.php","meta":{"_acf_changed":false,"inline_featured_image":false,"footnotes":""},"class_list":["post-81","page","type-page","status-publish","hentry"],"acf":[],"yoast_head":"<!-- This site is optimized with the Yoast SEO plugin v27.5 - https:\/\/yoast.com\/product\/yoast-seo-wordpress\/ -->\n<title>Poznaj Brandma -Tw\u00f3j kreatywny partner brandingu i designu<\/title>\n<meta name=\"description\" content=\"Brandma to agencja brandingowa tworzona przez ekspert\u00f3w. Od ponad dekady pomagamy markom przej\u015b\u0107 przez proces brandingu i digitalizacji.\" \/>\n<meta name=\"robots\" content=\"index, follow, max-snippet:-1, max-image-preview:large, max-video-preview:-1\" \/>\n<link rel=\"canonical\" href=\"https:\/\/brandma.pl\/en\/about-us\/\" \/>\n<meta property=\"og:locale\" content=\"en_US\" \/>\n<meta property=\"og:type\" content=\"article\" \/>\n<meta property=\"og:title\" content=\"Poznaj Brandma -Tw\u00f3j kreatywny partner brandingu i designu\" \/>\n<meta property=\"og:description\" content=\"Brandma to agencja brandingowa tworzona przez ekspert\u00f3w. Od ponad dekady pomagamy markom przej\u015b\u0107 przez proces brandingu i digitalizacji.\" \/>\n<meta property=\"og:url\" content=\"https:\/\/brandma.pl\/en\/about-us\/\" \/>\n<meta property=\"og:site_name\" content=\"BRANDMA\" \/>\n<meta property=\"article:modified_time\" content=\"2025-09-18T09:51:41+00:00\" \/>\n<meta name=\"twitter:card\" content=\"summary_large_image\" \/>\n<script type=\"application\/ld+json\" class=\"yoast-schema-graph\">{\"@context\":\"https:\\\/\\\/schema.org\",\"@graph\":[{\"@type\":\"WebPage\",\"@id\":\"https:\\\/\\\/brandma.pl\\\/en\\\/about-us\\\/\",\"url\":\"https:\\\/\\\/brandma.pl\\\/en\\\/about-us\\\/\",\"name\":\"Poznaj Brandma -Tw\u00f3j kreatywny partner brandingu i designu\",\"isPartOf\":{\"@id\":\"https:\\\/\\\/brandma.pl\\\/en\\\/#website\"},\"datePublished\":\"2023-09-12T19:03:53+00:00\",\"dateModified\":\"2025-09-18T09:51:41+00:00\",\"description\":\"Brandma to agencja brandingowa tworzona przez ekspert\u00f3w. Od ponad dekady pomagamy markom przej\u015b\u0107 przez proces brandingu i digitalizacji.\",\"inLanguage\":\"en-US\",\"potentialAction\":[{\"@type\":\"ReadAction\",\"target\":[\"https:\\\/\\\/brandma.pl\\\/en\\\/about-us\\\/\"]}]},{\"@type\":\"WebSite\",\"@id\":\"https:\\\/\\\/brandma.pl\\\/en\\\/#website\",\"url\":\"https:\\\/\\\/brandma.pl\\\/en\\\/\",\"name\":\"Brandma\u2122\",\"description\":\"Brandma - jeste\u015bmy butikow\u0105 agencj\u0105 brandingow\u0105. Specjalizujemy si\u0119 w dw\u00f3ch obszarach: - kreacji i sta\u0142ej obs\u0142udze graficznej firm w zakresie print &amp; digital - UX\\\/UI designie i developmencie www. \u0141\u0105czymy ponad 10 letnie do\u015bwiadczenie w kreacji marek z szerokimi kompetencjami w zakresie produkcji materia\u0142owej oraz sta\u0142\u0105 wsp\u00f3\u0142prac\u0105 z zespo\u0142em fotograf\u00f3w i tw\u00f3rc\u00f3w materia\u0142\u00f3w wideo. Zesp\u00f3\u0142 7 os\u00f3b na co dzie\u0144 dba, by narz\u0119dzia brandingowe Twojej marki \u2013 pomaga\u0142y jej rosn\u0105\u0107\",\"publisher\":{\"@id\":\"https:\\\/\\\/brandma.pl\\\/en\\\/#organization\"},\"alternateName\":\"Brandma\u2122 - butikowa agencja brandingowa\",\"potentialAction\":[{\"@type\":\"SearchAction\",\"target\":{\"@type\":\"EntryPoint\",\"urlTemplate\":\"https:\\\/\\\/brandma.pl\\\/en\\\/?s={search_term_string}\"},\"query-input\":{\"@type\":\"PropertyValueSpecification\",\"valueRequired\":true,\"valueName\":\"search_term_string\"}}],\"inLanguage\":\"en-US\"},{\"@type\":\"Organization\",\"@id\":\"https:\\\/\\\/brandma.pl\\\/en\\\/#organization\",\"name\":\"Brandma\u2122\",\"url\":\"https:\\\/\\\/brandma.pl\\\/en\\\/\",\"logo\":{\"@type\":\"ImageObject\",\"inLanguage\":\"en-US\",\"@id\":\"https:\\\/\\\/brandma.pl\\\/en\\\/#\\\/schema\\\/logo\\\/image\\\/\",\"url\":\"https:\\\/\\\/brandma.pl\\\/wp-content\\\/uploads\\\/2025\\\/06\\\/Sygnet-Brandma-from-Kalina.svg\",\"contentUrl\":\"https:\\\/\\\/brandma.pl\\\/wp-content\\\/uploads\\\/2025\\\/06\\\/Sygnet-Brandma-from-Kalina.svg\",\"width\":124,\"height\":144,\"caption\":\"Brandma\u2122\"},\"image\":{\"@id\":\"https:\\\/\\\/brandma.pl\\\/en\\\/#\\\/schema\\\/logo\\\/image\\\/\"}}]}<\/script>\n<!-- \/ Yoast SEO plugin. -->","yoast_head_json":{"title":"Poznaj Brandma -Tw\u00f3j kreatywny partner brandingu i designu","description":"Brandma to agencja brandingowa tworzona przez ekspert\u00f3w. Od ponad dekady pomagamy markom przej\u015b\u0107 przez proces brandingu i digitalizacji.","robots":{"index":"index","follow":"follow","max-snippet":"max-snippet:-1","max-image-preview":"max-image-preview:large","max-video-preview":"max-video-preview:-1"},"canonical":"https:\/\/brandma.pl\/en\/about-us\/","og_locale":"en_US","og_type":"article","og_title":"Poznaj Brandma -Tw\u00f3j kreatywny partner brandingu i designu","og_description":"Brandma to agencja brandingowa tworzona przez ekspert\u00f3w. Od ponad dekady pomagamy markom przej\u015b\u0107 przez proces brandingu i digitalizacji.","og_url":"https:\/\/brandma.pl\/en\/about-us\/","og_site_name":"BRANDMA","article_modified_time":"2025-09-18T09:51:41+00:00","twitter_card":"summary_large_image","schema":{"@context":"https:\/\/schema.org","@graph":[{"@type":"WebPage","@id":"https:\/\/brandma.pl\/en\/about-us\/","url":"https:\/\/brandma.pl\/en\/about-us\/","name":"Poznaj Brandma -Tw\u00f3j kreatywny partner brandingu i designu","isPartOf":{"@id":"https:\/\/brandma.pl\/en\/#website"},"datePublished":"2023-09-12T19:03:53+00:00","dateModified":"2025-09-18T09:51:41+00:00","description":"Brandma to agencja brandingowa tworzona przez ekspert\u00f3w. Od ponad dekady pomagamy markom przej\u015b\u0107 przez proces brandingu i digitalizacji.","inLanguage":"en-US","potentialAction":[{"@type":"ReadAction","target":["https:\/\/brandma.pl\/en\/about-us\/"]}]},{"@type":"WebSite","@id":"https:\/\/brandma.pl\/en\/#website","url":"https:\/\/brandma.pl\/en\/","name":"Brandma\u2122","description":"Brandma - jeste\u015bmy butikow\u0105 agencj\u0105 brandingow\u0105. Specjalizujemy si\u0119 w dw\u00f3ch obszarach: - kreacji i sta\u0142ej obs\u0142udze graficznej firm w zakresie print &amp; digital - UX\/UI designie i developmencie www. \u0141\u0105czymy ponad 10 letnie do\u015bwiadczenie w kreacji marek z szerokimi kompetencjami w zakresie produkcji materia\u0142owej oraz sta\u0142\u0105 wsp\u00f3\u0142prac\u0105 z zespo\u0142em fotograf\u00f3w i tw\u00f3rc\u00f3w materia\u0142\u00f3w wideo. Zesp\u00f3\u0142 7 os\u00f3b na co dzie\u0144 dba, by narz\u0119dzia brandingowe Twojej marki \u2013 pomaga\u0142y jej rosn\u0105\u0107","publisher":{"@id":"https:\/\/brandma.pl\/en\/#organization"},"alternateName":"Brandma\u2122 - butikowa agencja brandingowa","potentialAction":[{"@type":"SearchAction","target":{"@type":"EntryPoint","urlTemplate":"https:\/\/brandma.pl\/en\/?s={search_term_string}"},"query-input":{"@type":"PropertyValueSpecification","valueRequired":true,"valueName":"search_term_string"}}],"inLanguage":"en-US"},{"@type":"Organization","@id":"https:\/\/brandma.pl\/en\/#organization","name":"Brandma\u2122","url":"https:\/\/brandma.pl\/en\/","logo":{"@type":"ImageObject","inLanguage":"en-US","@id":"https:\/\/brandma.pl\/en\/#\/schema\/logo\/image\/","url":"https:\/\/brandma.pl\/wp-content\/uploads\/2025\/06\/Sygnet-Brandma-from-Kalina.svg","contentUrl":"https:\/\/brandma.pl\/wp-content\/uploads\/2025\/06\/Sygnet-Brandma-from-Kalina.svg","width":124,"height":144,"caption":"Brandma\u2122"},"image":{"@id":"https:\/\/brandma.pl\/en\/#\/schema\/logo\/image\/"}}]}},"jetpack_sharing_enabled":true,"_links":{"self":[{"href":"https:\/\/brandma.pl\/en\/wp-json\/wp\/v2\/pages\/81","targetHints":{"allow":["GET"]}}],"collection":[{"href":"https:\/\/brandma.pl\/en\/wp-json\/wp\/v2\/pages"}],"about":[{"href":"https:\/\/brandma.pl\/en\/wp-json\/wp\/v2\/types\/page"}],"author":[{"embeddable":true,"href":"https:\/\/brandma.pl\/en\/wp-json\/wp\/v2\/users\/1"}],"replies":[{"embeddable":true,"href":"https:\/\/brandma.pl\/en\/wp-json\/wp\/v2\/comments?post=81"}],"version-history":[{"count":43,"href":"https:\/\/brandma.pl\/en\/wp-json\/wp\/v2\/pages\/81\/revisions"}],"predecessor-version":[{"id":886,"href":"https:\/\/brandma.pl\/en\/wp-json\/wp\/v2\/pages\/81\/revisions\/886"}],"wp:attachment":[{"href":"https:\/\/brandma.pl\/en\/wp-json\/wp\/v2\/media?parent=81"}],"curies":[{"name":"wp","href":"https:\/\/api.w.org\/{rel}","templated":true}]}}